{"id":35,"date":"2017-11-06T08:38:19","date_gmt":"2017-11-06T08:38:19","guid":{"rendered":"http:\/\/dzogchen.rs\/?page_id=35"},"modified":"2023-05-19T05:42:53","modified_gmt":"2023-05-19T05:42:53","slug":"sta-je-dzogcen-ucenje","status":"publish","type":"page","link":"https:\/\/dzogchen.rs\/sr\/sta-je-dzogcen-ucenje\/","title":{"rendered":"\u0160ta je Dzog\u0107en u\u010denje"},"content":{"rendered":"<section class=\"wpb-content-wrapper\"><p>[vc_row css=&#8220;.vc_custom_1510049983688{margin-right: 5% !important;margin-left: 5% !important;background-color: #ffffff !important;}&#8220;][vc_column][vc_row_inner equal_height=&#8220;yes&#8220; css=&#8220;.vc_custom_1510067241450{margin-right: 15px !important;margin-left: 15px !important;}&#8220;][vc_column_inner width=&#8220;1\/2&#8243;][vc_single_image image=&#8220;41&#8243; img_size=&#8220;full&#8220; alignment=&#8220;center&#8220; style=&#8220;vc_box_shadow_border&#8220; css_animation=&#8220;appear&#8220; css=&#8220;.vc_custom_1509957725154{margin-right: 15px !important;margin-left: 15px !important;}&#8220;][\/vc_column_inner][vc_column_inner width=&#8220;1\/2&#8243;][vc_column_text el_class=&#8220;textovi &#8222;]<\/p>\n<h1 style=\"text-align: center;\">Dzog\u0107en komuna Srbija<\/h1>\n<p>[\/vc_column_text][vc_single_image image=&#8220;31&#8243; img_size=&#8220;full&#8220; alignment=&#8220;center&#8220;][\/vc_column_inner][\/vc_row_inner][vc_raw_html]JTNDZGl2JTIwY2xhc3MlM0QlMjJsaW5pamElMjIlM0UlM0MlMkZkaXYlM0U=[\/vc_raw_html][vc_row_inner css=&#8220;.vc_custom_1510067262487{margin-right: 15px !important;margin-left: 15px !important;}&#8220;][vc_column_inner width=&#8220;2\/3&#8243;][vc_column_text el_class=&#8220;textovi&#8220;]<\/p>\n<h1>\u0160ta je Dzog\u0107en<\/h1>\n<p>Dzog\u0107en je drevno duhovno U\u010denje razvijeno na Tibetu u okviru tibetanske budisti\u010dke tradicije. Ne pripada ni jednoj \u0161koli niti religijskom sistemu. \u0160tavi\u0161e, to je znanje koje su tibetanski U\u010ditelji prenosili neograni\u010deni sekta\u0161tvom. Pojam Dzog\u0107en zna\u010di \u2019\u2019potpuno savr\u0161enstvo\u2019\u2019 ,i odnosi se na istinsku ,uro\u0111enu prirodu svih bi\u0107a, prvobitno stanje, koje je oslobo\u0111eno svih ograni\u010denja i uslovljavanja. Istinska osnova Dzog\u0107en U\u010denja je prenos ovog stanja znanja od strane U\u010ditelja.<\/p>\n<p>Dzog\u0107en tradicija se prenosila sa U\u010ditelja na u\u010denika u neprekinutoj lozi tokom vekova, sve do dana\u0161njih dana. Zbog svog direktnog i jednostavnog pristupa prevazilazi ograni\u010denja uslovljena kulturnim razlikama, \u0161to ga \u010dini dostupnim svim nacijama bez obzira na njihovo kulturno nasle\u0111e.<\/p>\n<p>Dzog\u0107en U\u010denja su podeljena u tri serije: Semde, Longde i Menade. Tri serije su ustvari tri na\u010dina pristupa U\u010denju , svaki sa svojim odgovaraju\u0107im metodama prakse ; me\u0111utim cilj sve tri serije je da dovedu prakti\u010dara do kona\u010dnog ostvarenja.<\/p>\n<p>Semde, \u2019\u2019serija uma\u2019\u2019 , uvodi prakti\u010dara u prirodu uma u cilju dobijanja stvarnog iskustva.<\/p>\n<p>Longde je \u2019\u2019serija prostora\u2019\u2019 gde se prostor odnosi na prvobitnu dimenziju praznine koja slu\u017ei kao osnova za manifestaciju jasno\u0107e i razvijanje shvatanja.<\/p>\n<p>Menade ,su\u0161tinska serija \u2019\u2019tajnih uputstava\u2019\u2019 ili Upade\u0161a , sastoji se od posebnih U\u010denja i metoda koje se zasnivaju na iskustvu U\u010ditelja sa ciljem da pomognu napredovanje prakti\u010dara sve do njegovog potpunog ostvarenja.<\/p>\n<p>Longsal<\/p>\n<p>Ciklus U\u010denja Longsal ili \u2019\u2019Sjajnu Jasno\u0107u Univerzuma\u2019\u2019 , Su\u0161tinu Srca Dakina ( \u017eenske manifestacije prvobitne energije) , je ponovo otkrio \u0106ogjal Namkhai Norbu u svojim snovima jasno\u0107e. Ova U\u010denja su do sada objavljena u osam tomova.<\/p>\n<p>Direktna transmisija<\/p>\n<p>Transmisija (prenos) znanja sa U\u010ditelja na u\u010denika mo\u017ee da bude usmena , simboli\u010dka ili direktna . Jedinstvenost Dzog\u0107en U\u010denja je u direktnoj transmisiji ili \u2019\u2019direktnom uvodu\u2019\u2019 kada su U\u010ditelj i njegovi u\u010denici u prvobitnom stanju u istom trenutku kroz neko od iskustava povezanih za telo, glas ili um. Mo\u0107 transmisije omogu\u0107ava u\u010deniku da na ovaj na\u010din mo\u017ee da otkrije svoje stvarno stanje.<\/p>\n<p>Guru Joga<\/p>\n<p>\u2019\u2019Guru\u2019\u2019 je U\u010ditelj ili Majstor , \u2019\u2019joga\u2019\u2019 je znanje ili shvatanje sopstvenog istinskog , su\u0161tinskog stanja, onakvog kakvo ve\u0107 postoji, u kome nema ni\u010dega \u0161to treba menjati ili modifikovati. To je stanje Gurua. Guru joga je stoga glavni element Dzog\u0107en prakse.[\/vc_column_text][\/vc_column_inner][vc_column_inner width=&#8220;1\/3&#8243;][vc_column_text el_class=&#8220;textovi&#8220; css=&#8220;.vc_custom_1509809844492{margin-left: 15px !important;}&#8220;]<\/p>\n<h3>Vebkast u\u017eivo:<\/h3>\n<p>[\/vc_column_text][vc_single_image image=&#8220;33&#8243; img_size=&#8220;full&#8220; alignment=&#8220;center&#8220; style=&#8220;vc_box_outline&#8220; border_color=&#8220;sky&#8220; onclick=&#8220;custom_link&#8220; img_link_target=&#8220;_blank&#8220; link=&#8220;http:\/\/webcast.dzogchen.net\/&#8220;][vc_raw_html]JTNDZGl2JTIwY2xhc3MlM0QlMjJsaW5pamElMjIlM0UlM0MlMkZkaXYlM0U=[\/vc_raw_html][vc_column_text el_class=&#8220;textovi&#8220; css=&#8220;.vc_custom_1509901248680{margin-left: 15px !important;}&#8220;]<\/p>\n<h3>Novosti:<\/h3>\n<p>[\/vc_column_text][vc_column_text css=&#8220;.vc_custom_1509960718750{border-top-width: 1px !important;border-right-width: 1px !important;border-bottom-width: 1px !important;border-left-width: 1px !important;border-left-color: #212a5b !important;border-right-color: #212a5b !important;border-top-color: #212a5b !important;border-bottom-color: #212a5b !important;}&#8220;]    <div data-options='{&quot;id&quot;:&quot;72&quot;,&quot;lazy_load&quot;:&quot;no&quot;,&quot;masonry_enable&quot;:&quot;no&quot;,&quot;view_type&quot;:&quot;grid&quot;}' id=\"post-grid-72\" class=\"post-grid grid\">\n    \n\n\n    <div class=\"grid-items\">\n      <div class=\"item item-930 skin flat even 0 \">\n        <div class=\"layer-wrapper layout-\">\n        <div class=\"layer-media\"><\/div>\n  <div class=\"layer-content\">\n        <div class=\"element element_0  post_date \">\r\n                    16-09-2018            <\/div>\r\n    <hr class=\"element element_1  hr \">\r\n    <\/hr>\r\n    <div class=\"element element_2  title_link \">\r\n                    <a target=\"_top\"\r\n                href=\"https:\/\/dzogchen.rs\/sr\/meditation-in-motion\/\">Meditation in Motion<\/a>\r\n            <\/div>\r\n  <\/div>\n    <\/div>\n  <\/div><div class=\"item item-918 skin flat odd 1 \">\n        <div class=\"layer-wrapper layout-\">\n        <div class=\"layer-media\"><\/div>\n  <div class=\"layer-content\">\n        <div class=\"element element_0  post_date \">\r\n                    13-09-2018            <\/div>\r\n    <hr class=\"element element_1  hr \">\r\n    <\/hr>\r\n    <div class=\"element element_2  title_link \">\r\n                    <a target=\"_top\"\r\n                href=\"https:\/\/dzogchen.rs\/sr\/meditacija-u-pokretu-ples-vadjre-za-dobrobit-bica\/\">Meditacija u pokretu &#8211; Ples Va\u0111re za Dobrobit Bi\u0107a<\/a>\r\n            <\/div>\r\n  <\/div>\n    <\/div>\n  <\/div><div class=\"item item-911 skin flat even 2 \">\n        <div class=\"layer-wrapper layout-\">\n        <div class=\"layer-media\"><\/div>\n  <div class=\"layer-content\">\n        <div class=\"element element_0  post_date \">\r\n                    09-05-2018            <\/div>\r\n    <hr class=\"element element_1  hr \">\r\n    <\/hr>\r\n    <div class=\"element element_2  title_link \">\r\n                    <a target=\"_top\"\r\n                href=\"https:\/\/dzogchen.rs\/sr\/09-05-2018-rinpoches-health-update\/\">09.05.2018 &#8211; Rinpoche\u2019s Health Update<\/a>\r\n            <\/div>\r\n  <\/div>\n    <\/div>\n  <\/div><div class=\"item item-906 skin flat odd 3 \">\n        <div class=\"layer-wrapper layout-\">\n        <div class=\"layer-media\"><\/div>\n  <div class=\"layer-content\">\n        <div class=\"element element_0  post_date \">\r\n                    09-05-2018            <\/div>\r\n    <hr class=\"element element_1  hr \">\r\n    <\/hr>\r\n    <div class=\"element element_2  title_link \">\r\n                    <a target=\"_top\"\r\n                href=\"https:\/\/dzogchen.rs\/sr\/09-05-2018-rinpoceovo-zdravlje\/\">09.05.2018 &#8211; Rinpo\u0107eovo zdravlje<\/a>\r\n            <\/div>\r\n  <\/div>\n    <\/div>\n  <\/div><div class=\"item item-901 skin flat even 4 \">\n        <div class=\"layer-wrapper layout-\">\n        <div class=\"layer-media\"><\/div>\n  <div class=\"layer-content\">\n        <div class=\"element element_0  post_date \">\r\n                    24-04-2018            <\/div>\r\n    <hr class=\"element element_1  hr \">\r\n    <\/hr>\r\n    <div class=\"element element_2  title_link \">\r\n                    <a target=\"_top\"\r\n                href=\"https:\/\/dzogchen.rs\/sr\/zdravstveno-stanje-rinpocea\/\">Zdravstveno stanje Rinpo\u0107ea<\/a>\r\n            <\/div>\r\n  <\/div>\n    <\/div>\n  <\/div>    <\/div>\n    <div class=\"pagination\">\n      <div class=\"paginate\">\n    <span class=\"page-numbers current\">1<\/span>\n<a class=\"page-numbers\" href=\"https:\/\/dzogchen.rs\/sr\/wp-json\/wp\/v2\/pages\/35\/page\/2\/\">2<\/a>\n<a class=\"page-numbers\" href=\"https:\/\/dzogchen.rs\/sr\/wp-json\/wp\/v2\/pages\/35\/page\/3\/\">3<\/a>\n<span class=\"page-numbers dots\">&hellip;<\/span>\n<a class=\"page-numbers\" href=\"https:\/\/dzogchen.rs\/sr\/wp-json\/wp\/v2\/pages\/35\/page\/6\/\">6<\/a>\n<a class=\"next page-numbers\" href=\"https:\/\/dzogchen.rs\/sr\/wp-json\/wp\/v2\/pages\/35\/page\/2\/\">Next \u00bb<\/a>  <\/div>\n  <style type=\"text\/css\">\n    #post-grid-72 .pagination .page-numbers {\n      font-size: 17px;\n      color: #646464;\n      background: #646464;\n    }\n\n    #post-grid-72 .pagination .page-numbers:hover,\n    #post-grid-72 .pagination .page-numbers.current {\n      background: #4b4b4b;\n    }\n  <\/style>\n  <\/div>\n      <style type=\"text\/css\">\n      \/*Write your CSS code here*\/    <\/style>\n      <script>\n          \/*Write your js code here*\/          <\/script>\n    <style type=\"text\/css\">\n    #post-grid-72 .element_0 {\n      font-size:14px;float:left;    }\n\n    #post-grid-72 .element_1 {\n      height: 1px;\r\n    background: #212a5b;\r\n    \/* For browsers that do not support gradients *\/\r\n    \r\n    background: -webkit-linear-gradient(left, #212a5b, white);\r\n    \/* For Safari 5.1 to 6.0 *\/\r\n    \r\n    background: -o-linear-gradient(right, #212a5b, white);\r\n    \/* For Opera 11.1 to 12.0 *\/\r\n    \r\n    background: -moz-linear-gradient(right,#212a5b, white);\r\n    \/* For Firefox 3.6 to 15 *\/\r\n    \r\n    background: linear-gradient(to right, #212a5b, white);\r\n    \/* Standard syntax (must be last) *\/\r\n    \r\n    width: 100%;\r\n    float: left;\r\n    }\n\n    #post-grid-72 .element_2 {\n      font-size:16px;\r\ndisplay:block;\r\nfloat:left;\r\ncolor:black;\r\nmargin-top:-20px;\r\ntext-align: justify;    }\n\n    #post-grid-72 .element_0:hover{}#post-grid-72 .element_1:hover{}#post-grid-72 .element_2:hover{}  <\/style>\n  <style type=\"text\/css\">\n    #post-grid-72 {\n      padding: 10px;\n      background-color: #fff;\n          }\n\n    #post-grid-72 .item {\n      background: #fff;\n          }\n\n    #post-grid-72 .item .layer-media {\n      height:auto;    }\n\n    @media only screen and (min-width: 0px) and (max-width: 767px) {\n      #post-grid-72 .grid-items {\n        text-align: center;\n              }\n\n      #post-grid-72 .item {\n        width: 90%;\n        margin: 10px;\n        display: inline-block;\n        vertical-align: top;\n        height:auto;      }\n    }\n\n    @media only screen and (min-width: 768px) and (max-width: 1023px) {\n      #post-grid-72 .grid-items {\n        text-align: center;\n              }\n\n      #post-grid-72 .item {\n        width: 100%;\n        margin: 10px;\n        display: inline-block;\n        vertical-align: top;\n        max-height:auto;      }\n    }\n\n    @media only screen and (min-width: 1024px) {\n      #post-grid-72 .grid-items {\n        text-align: center;\n              }\n\n      #post-grid-72 .item {\n        width: 100%;\n        display: inline-block;\n        margin: 10px;\n        vertical-align: top;\n        height:auto;      }\n    }\n\n      <\/style>\n  <\/div>\n[\/vc_column_text][\/vc_column_inner][\/vc_row_inner][vc_raw_html]JTNDZGl2JTIwY2xhc3MlM0QlMjJsYW5nLXNyLWVuJTIyJTIwJTNFJTBBJTIwJTIwJTIwJTIwJTNDYSUyMGhyZWYlM0QlMjJodHRwJTNBJTJGJTJGZHpvZ2NoZW4ucnMlMkZlbiUyRndoYXQtaXMtZHpvZ2NoZW4tdGVhY2hpbmclMkYlMjIlM0UlM0NidXR0b24lMjB0eXBlJTNEJTIyYnV0dG9uJTIyJTIwY2xhc3MlM0QlMjJidG4lMjBidG4tZGVmYXVsdCUyMiUyMG5hbWUlM0QlMjJsYW5ndWFnZSUyMiUyMGlkJTNEJTIybGFuZ3VhZ2UlMjIlMjAlM0UlM0NpbWclMjBzcmMlM0QlMjJodHRwJTNBJTJGJTJGZHpvZ2NoZW4ucnMlMkZ3cC1jb250ZW50JTJGdGhlbWVzJTJGdGhheWFzbGluZyUyRmltYWdlcyUyRmZsYWctdXNhLXNtLnBuZyUyMiUyMCUzRSUyMFBhZ2UlMjBpbiUyMEVuZ2xpc2glM0MlMkZidXR0b24lM0UlM0MlMkZhJTNFJTBBJTA5JTBBJTNDJTJGZGl2JTNF[\/vc_raw_html][\/vc_column][\/vc_row]<\/p>\n<\/section>","protected":false},"excerpt":{"rendered":"<p>[vc_row css=&#8220;.vc_custom_1510049983688{margin-right: 5% !important;margin-left: 5% !important;background-color: #ffffff !important;}&#8220;][vc_column][vc_row_inner equal_height=&#8220;yes&#8220; css=&#8220;.vc_custom_1510067241450{margin-right: 15px !important;margin-left: 15px !important;}&#8220;][vc_column_inner width=&#8220;1\/2&#8243;][vc_single_image image=&#8220;41&#8243; img_size=&#8220;full&#8220; alignment=&#8220;center&#8220; style=&#8220;vc_box_shadow_border&#8220; css_animation=&#8220;appear&#8220; css=&#8220;.vc_custom_1509957725154{margin-right: 15px !important;margin-left: 15px !important;}&#8220;][\/vc_column_inner][vc_column_inner width=&#8220;1\/2&#8243;][vc_column_text el_class=&#8220;textovi &#8222;] Dzog\u0107en komuna Srbija [\/vc_column_text][vc_single_image image=&#8220;31&#8243; img_size=&#8220;full&#8220; alignment=&#8220;center&#8220;][\/vc_column_inner][\/vc_row_inner][vc_raw_html]JTNDZGl2JTIwY2xhc3MlM0QlMjJsaW5pamElMjIlM0UlM0MlMkZkaXYlM0U=[\/vc_raw_html][vc_row_inner css=&#8220;.vc_custom_1510067262487{margin-right: 15px !important;margin-left: 15px !important;}&#8220;][vc_column_inner width=&#8220;2\/3&#8243;][vc_column_text el_class=&#8220;textovi&#8220;] \u0160ta je Dzog\u0107en Dzog\u0107en je drevno duhovno U\u010denje razvijeno na Tibetu u okviru [&hellip;]<\/p>\n","protected":false},"author":1,"featured_media":41,"parent":0,"menu_order":0,"comment_status":"closed","ping_status":"closed","template":"","meta":{"ngg_post_thumbnail":0,"__cvm_playback_settings":[],"__cvm_video_id":""},"_links":{"self":[{"href":"https:\/\/dzogchen.rs\/sr\/wp-json\/wp\/v2\/pages\/35"}],"collection":[{"href":"https:\/\/dzogchen.rs\/sr\/wp-json\/wp\/v2\/pages"}],"about":[{"href":"https:\/\/dzogchen.rs\/sr\/wp-json\/wp\/v2\/types\/page"}],"author":[{"embeddable":true,"href":"https:\/\/dzogchen.rs\/sr\/wp-json\/wp\/v2\/users\/1"}],"replies":[{"embeddable":true,"href":"https:\/\/dzogchen.rs\/sr\/wp-json\/wp\/v2\/comments?post=35"}],"version-history":[{"count":9,"href":"https:\/\/dzogchen.rs\/sr\/wp-json\/wp\/v2\/pages\/35\/revisions"}],"predecessor-version":[{"id":1176,"href":"https:\/\/dzogchen.rs\/sr\/wp-json\/wp\/v2\/pages\/35\/revisions\/1176"}],"wp:featuredmedia":[{"embeddable":true,"href":"https:\/\/dzogchen.rs\/sr\/wp-json\/wp\/v2\/media\/41"}],"wp:attachment":[{"href":"https:\/\/dzogchen.rs\/sr\/wp-json\/wp\/v2\/media?parent=35"}],"curies":[{"name":"wp","href":"https:\/\/api.w.org\/{rel}","templated":true}]}}