{"id":626,"date":"2018-02-28T09:14:33","date_gmt":"2018-02-28T09:14:33","guid":{"rendered":"http:\/\/dzogchen.rs\/?page_id=626"},"modified":"2024-04-09T19:24:05","modified_gmt":"2024-04-09T19:24:05","slug":"tajeling","status":"publish","type":"page","link":"https:\/\/dzogchen.rs\/en\/tajeling\/","title":{"rendered":"Tajeling"},"content":{"rendered":"<section class=\"wpb-content-wrapper\"><p>[vc_row css=&#8221;.vc_custom_1510049983688{margin-right: 5% !important;margin-left: 5% !important;background-color: #ffffff !important;}&#8221;][vc_column][vc_row_inner equal_height=&#8221;yes&#8221; css=&#8221;.vc_custom_1510067241450{margin-right: 15px !important;margin-left: 15px !important;}&#8221;][vc_column_inner width=&#8221;1\/2&#8243;][vc_single_image image=&#8221;627&#8243; img_size=&#8221;full&#8221; alignment=&#8221;center&#8221; style=&#8221;vc_box_shadow_border&#8221; css_animation=&#8221;appear&#8221; css=&#8221;.vc_custom_1519809375533{margin-right: 15px !important;margin-left: 15px !important;}&#8221;][\/vc_column_inner][vc_column_inner width=&#8221;1\/2&#8243;][vc_column_text el_class=&#8221;textovi &#8220;]<\/p>\n<h1 style=\"text-align: center;\">Dzog\u0107en komuna Srbija<\/h1>\n<p>[\/vc_column_text][vc_single_image image=&#8221;31&#8243; img_size=&#8221;full&#8221; alignment=&#8221;center&#8221;][\/vc_column_inner][\/vc_row_inner][vc_raw_html]JTNDZGl2JTIwY2xhc3MlM0QlMjJsaW5pamElMjIlM0UlM0MlMkZkaXYlM0U=[\/vc_raw_html][vc_row_inner css=&#8221;.vc_custom_1510067262487{margin-right: 15px !important;margin-left: 15px !important;}&#8221;][vc_column_inner width=&#8221;2\/3&#8243;][vc_column_text el_class=&#8221;textovi&#8221;]<\/p>\n<h3>Tajeling<\/h3>\n<p><span style=\"color: #000000;\"><span style=\"font-family: Tahoma, sans-serif;\"><span style=\"font-size: medium;\"><b>Srbija, Beograd <\/b><\/span><\/span><\/span><\/p>\n<p>&nbsp;<\/p>\n<p>Prof. <strong>\u0106ogjal Namkhai Norbu<\/strong> je nazvao na\u0161 <strong>Dzog\u0107en centar<\/strong> u Beogradu <strong>Thayasling (Tajeling) \u2013 Ling of the Beyond<\/strong> tokom predavanja u povla\u010denju odr\u017eanog 23. avgusta 2013. u <strong>Merigar East , Rumunija<\/strong>. Na tako \u010dudesnom imenu beskrajno smo zahvalni na\u0161em voljenom U\u010ditelju koji je uvek u na\u0161im srcima.<\/p>\n<p>Dzog\u0107en komuna Srbije prvi put je registrovana kao udru\u017eenje 1990. godine, preregistrovana 2009. godine, i kona\u010dno 2016 na\u0161 Statut je uskladjen sa Statutom Medjunarodnog Dzog\u0107en udru\u017eenja. Registrovani smo kao <strong>Medjunarodna Dzog\u0107en Komuna Tajeling<\/strong> u spisku Udru\u017eenja u Agenciji za privredne registre (APR) pod brojem 17754220.<\/p>\n<p>Udru\u017eenje je aktivno otkako je <strong>\u0106ogjal Namkhai Norbu<\/strong> prvi put odr\u017eao predavanje u Beogradu 1990 god.<\/p>\n<p>Pro\u0161lo je vi\u0161e od od godinu dana otkako je <strong>\u0106ogjal Namkhai Norbu<\/strong> preminuo (1938-2018), a mi sledimo Njegova u\u010denja i slavimo Njegov \u017eivot ispunjen beskrajnim saose\u0107anjem i posve\u0107en svim bi\u0107ima.<\/p>\n<p>\u017deljka Jovanovi\u0107 (1955-2011) je najzaslu\u017enija za osnivanje <strong>Dzog\u0107en Komune<\/strong> u Srbiji. Mnogi smo imali tu sre\u0107u da je poznajemo i da primimo od nje dragocene<br \/>\ninformacije.<br \/>\nOd 1990. do 1997. organizovali smo seminare Jantra Joge sa instruktorom&nbsp;<strong>Oliverom Leickom<\/strong> i seminare Va\u0111ra Plesa sa <strong>Adrijanom Dal Borgo<\/strong>.<\/p>\n<p>Po preporuci Prof. <strong>\u0106ogjal Namkhai Norbua<\/strong> pozvali smo 1996. god. u Beograd da nam prenese U\u010denje <strong>Lama&nbsp;Ngawang<\/strong> , osniva\u010d i duhovni vo\u0111a ma\u0111arske <strong>Karma<\/strong><br \/>\n<strong>Kagy\u00fcpa Komune<\/strong>, zajedno sa njegovim prevodiocem <strong>Lama Cs\u00f6pelom<\/strong>.<\/p>\n<p>\u017deljka je u svom stanu organizovala kolektivne prakse sve do 1997. godine, kad su se ona i njena porodica preselili u Francusku.<\/p>\n<p>U narednih deset godina, zbog situacije u dr\u017eavi, kolektivne prakse smo odr\u017eavali po domovima raznih prakti\u010dara. Beskrajno smo zahvalni na\u0161oj Va\u0111ra porodici \u0161irom sveta i <strong>Me\u0111unarodnoj Dzog\u0107en zajednici<\/strong> na veoma izda\u0161noj donaciji 2000. godine koja nam je pomogla da odr\u017eimo na\u0161u Komunu.<\/p>\n<p>Godine 2002. aktivno u\u010destvujemo u projektu Vaza za Mir u saradnji sa <strong>Siddhartha\u2019s Intent organizacijom<\/strong> kao koordinatorom, kojom rukovodi <strong>Dzongsar Jamyang Kjentse Rinpo\u0107e<\/strong>.&nbsp;<\/p>\n<p>Velikodu\u0161na donacija nema\u010dke <strong>Dzog\u0107en Komune<\/strong> omogu\u0107ila je dolazak <strong>Jacoba Winklera<\/strong> da odr\u017ei predavanje u povla\u010denju osnovnog nivoa <strong>Santi Maha Sanghe<\/strong> u Beogradu 2003. godine.<\/p>\n<p>Godine 2014. imali smo udela u projektu <strong>\u2018\u2019Sand Mandala of Avalokiteshvara\u2019\u2019<\/strong> za mir u svetu koju su pokrenuli <strong>Geshe Lobsang Tseten<\/strong> i dva budisti\u010dka monaha iz <strong>Tibetan Drepung Gomang Monastic College<\/strong>.<\/p>\n<p>Od 2009. do 2012. iznajmljivali smo prostorije za seminare i kolektivne prakse na raznim lokacijama. Godine 2012. prakti\u010dari su Komuni ponudili svoj stan na kori\u0161\u0107enje. Zahvaljuju\u0107i veoma izda\u0161noj donaciji stan je kompletno renoviran i 2013. godine postao je na\u0161 prvi <strong>Ling<\/strong>. Bili smo veoma sre\u0107ni \u0161to imamo sopstveni prostor od 2012 do 2017 , posebno jer smo se u tom stanu okupljali od samih po\u010detaka na zajedni\u010dkim praksama. <strong>Gompa<\/strong> je bila podesna za zajedni\u010dke <strong>prakse<\/strong>, <strong>Jantra Jogu<\/strong>, <strong>Kaita Ples<\/strong>, a soba za goste za potrebe li\u010dnog povla\u010denja.<\/p>\n<p>Od 2009. do 2015. imali smo veliku sre\u0107u da ponovo ugostimo na\u0161eg dragog Va\u0111ra brata i instruktora <strong>Santi Maha Sanghe Olivera Leicka<\/strong> koji je odr\u017eao \u010detiri predavanja u povla\u010denju : <em><strong>Uvod u Dzog\u0107en U\u010denje i Jantra Joga<\/strong><\/em> 2009. godine, dva predavanja osnovnog nivoa <em><strong>Santi Maha Sanghe<\/strong><\/em> 2012. i 2013. godine i predavanje u povla\u010denju <em><strong>Zelena Tara<\/strong><\/em> 2015. godine.<\/p>\n<p>Isto tako smo svake godine od 2011-2014 bili sre\u0107ni da ugostimo na\u0161eg dragog Va\u0111ra brata i instruktora <strong>Jantra Joge Zsolta Somogyvarya (\u017dolta \u0160omodjvarija )&nbsp;<\/strong>koji je odr\u017eao \u010detiri seminara <em><strong>Jantra Joge<\/strong><\/em>.<\/p>\n<p>Ve\u010dito smo zahvalni na\u0161im dragim <strong>Oliveru Leicku<\/strong> i <strong>Zsoltu Somogyvaryu<\/strong> za njihovo dragoceno vreme, predanost i ustrajnost i \u0161to su nam pomogli da obnovimo na\u0161u Komunu.&nbsp;&nbsp;<\/p>\n<p>Od februara 2017 kolektivne prakse odr\u017eavaju se po domovima prakti\u010dara, a rentiramo sale za seminare i predavanja u povla\u010denju.<\/p>\n<p>U oktobru 2018 i februaru 2019 organizovali smo dva seminara : <strong><em>Ples Va\u0111re za<\/em> Dobrobit Bi\u0107a<\/strong> i <em><strong>Jantra joga sa Zoltan Cser-om<\/strong><\/em> , autorizovanim instruktorom iz <strong>Medjunarodne Dzog\u0107en Komune<\/strong>.<\/p>\n<p>Planiramo za sredinu aprila 2020 predavanje i predavanje u povla\u010denju sa autorizovanim <strong>Santi Maha Sanga<\/strong> instruktorom <strong>Steven Landsberg<\/strong>-om , predsednikom <strong>Medjunarodnog Dzog\u0107en Udru\u017eenja<\/strong>. &#8211; <strong>ODGO\u0110ENO ZBOG PANDEMIJE<\/strong><\/p>\n<p>Tajeling administrativno pripada ve\u0107em <strong>Centru (Gar) : Merigar East<\/strong>&nbsp; u Rumuniji .<\/p>\n<p><a href=\"https:\/\/www.dzogchen.ro\/european-lings\/community\/european-lings\"><em>https:\/\/www.dzogchen.ro\/european-lings\/community\/european-lings<\/em><\/a><\/p>\n<p>Nadamo se da \u0107e nam povoljne okolnosti omogu\u0107iti da ubudu\u0107e organizujemo vi\u0161e seminara i predavanja u povla\u010denju i da \u0107emo razvijati na\u0161e aktivnosti za<br \/>\ndobrobit svih osetljivih bi\u0107a.<br \/>\n&nbsp;<\/p>\n<p><span style=\"color: #000000;\"><span style=\"font-family: Tahoma, sans-serif;\"><span style=\"font-size: medium;\">Tajeling&nbsp;<\/span><\/span><\/span><span style=\"color: #000000;\"><span style=\"font-family: Tahoma, sans-serif;\"><span style=\"font-size: medium;\"><br \/>\n<\/span><\/span><\/span><\/p>\n<p><a href=\"http:\/\/www.dzogchen.rs\"><span style=\"color: #000000;\"><span style=\"font-family: Tahoma, sans-serif;\"><span style=\"font-size: medium;\">www.dzogchen.rs<\/span><\/span><\/span><\/a><\/p>\n<p><span style=\"color: #000000;\"><span style=\"font-family: Tahoma, sans-serif;\"><span style=\"font-size: medium;\">info@dzogchen.rs<\/span><\/span><\/span><\/p>\n<p align=\"CENTER\">&nbsp;<\/p>\n<p>[\/vc_column_text][\/vc_column_inner][vc_column_inner width=&#8221;1\/3&#8243;][vc_column_text el_class=&#8221;textovi&#8221; css=&#8221;.vc_custom_1509809844492{margin-left: 15px !important;}&#8221;]<\/p>\n<h3>Vebkast u\u017eivo:<\/h3>\n<p>[\/vc_column_text][vc_single_image image=&#8221;33&#8243; img_size=&#8221;full&#8221; alignment=&#8221;center&#8221; style=&#8221;vc_box_outline&#8221; border_color=&#8221;sky&#8221; onclick=&#8221;custom_link&#8221; img_link_target=&#8221;_blank&#8221; link=&#8221;http:\/\/webcast.dzogchen.net\/&#8221;][vc_raw_html]JTNDZGl2JTIwY2xhc3MlM0QlMjJsaW5pamElMjIlM0UlM0MlMkZkaXYlM0U=[\/vc_raw_html][vc_column_text el_class=&#8221;textovi&#8221; css=&#8221;.vc_custom_1509901248680{margin-left: 15px !important;}&#8221;]<\/p>\n<h3>Novosti:<\/h3>\n<p>[\/vc_column_text][vc_column_text css=&#8221;.vc_custom_1509960718750{border-top-width: 1px !important;border-right-width: 1px !important;border-bottom-width: 1px !important;border-left-width: 1px !important;border-left-color: #212a5b !important;border-right-color: #212a5b !important;border-top-color: #212a5b !important;border-bottom-color: #212a5b !important;}&#8221;]    <div data-options='{&quot;id&quot;:&quot;72&quot;,&quot;lazy_load&quot;:&quot;no&quot;,&quot;masonry_enable&quot;:&quot;no&quot;,&quot;view_type&quot;:&quot;grid&quot;}' id=\"post-grid-72\" class=\"post-grid grid\">\n    \n\n\n    <div class=\"grid-items\">\n      <div class=\"item item-930 skin flat even 0 \">\n        <div class=\"layer-wrapper layout-\">\n        <div class=\"layer-media\"><\/div>\n  <div class=\"layer-content\">\n        <div class=\"element element_0  post_date \">\r\n                    16-09-2018            <\/div>\r\n    <hr class=\"element element_1  hr \">\r\n    <\/hr>\r\n    <div class=\"element element_2  title_link \">\r\n                    <a target=\"_top\"\r\n                href=\"https:\/\/dzogchen.rs\/en\/meditation-in-motion\/\"><\/a>\r\n            <\/div>\r\n  <\/div>\n    <\/div>\n  <\/div><div class=\"item item-918 skin flat odd 1 \">\n        <div class=\"layer-wrapper layout-\">\n        <div class=\"layer-media\"><\/div>\n  <div class=\"layer-content\">\n        <div class=\"element element_0  post_date \">\r\n                    13-09-2018            <\/div>\r\n    <hr class=\"element element_1  hr \">\r\n    <\/hr>\r\n    <div class=\"element element_2  title_link \">\r\n                    <a target=\"_top\"\r\n                href=\"https:\/\/dzogchen.rs\/en\/meditacija-u-pokretu-ples-vadjre-za-dobrobit-bica\/\"><\/a>\r\n            <\/div>\r\n  <\/div>\n    <\/div>\n  <\/div><div class=\"item item-911 skin flat even 2 \">\n        <div class=\"layer-wrapper layout-\">\n        <div class=\"layer-media\"><\/div>\n  <div class=\"layer-content\">\n        <div class=\"element element_0  post_date \">\r\n                    09-05-2018            <\/div>\r\n    <hr class=\"element element_1  hr \">\r\n    <\/hr>\r\n    <div class=\"element element_2  title_link \">\r\n                    <a target=\"_top\"\r\n                href=\"https:\/\/dzogchen.rs\/en\/09-05-2018-rinpoches-health-update\/\"><\/a>\r\n            <\/div>\r\n  <\/div>\n    <\/div>\n  <\/div><div class=\"item item-906 skin flat odd 3 \">\n        <div class=\"layer-wrapper layout-\">\n        <div class=\"layer-media\"><\/div>\n  <div class=\"layer-content\">\n        <div class=\"element element_0  post_date \">\r\n                    09-05-2018            <\/div>\r\n    <hr class=\"element element_1  hr \">\r\n    <\/hr>\r\n    <div class=\"element element_2  title_link \">\r\n                    <a target=\"_top\"\r\n                href=\"https:\/\/dzogchen.rs\/en\/09-05-2018-rinpoceovo-zdravlje\/\"><\/a>\r\n            <\/div>\r\n  <\/div>\n    <\/div>\n  <\/div><div class=\"item item-901 skin flat even 4 \">\n        <div class=\"layer-wrapper layout-\">\n        <div class=\"layer-media\"><\/div>\n  <div class=\"layer-content\">\n        <div class=\"element element_0  post_date \">\r\n                    24-04-2018            <\/div>\r\n    <hr class=\"element element_1  hr \">\r\n    <\/hr>\r\n    <div class=\"element element_2  title_link \">\r\n                    <a target=\"_top\"\r\n                href=\"https:\/\/dzogchen.rs\/en\/zdravstveno-stanje-rinpocea\/\"><\/a>\r\n            <\/div>\r\n  <\/div>\n    <\/div>\n  <\/div>    <\/div>\n    <div class=\"pagination\">\n      <div class=\"paginate\">\n    <span class=\"page-numbers current\">1<\/span>\n<a class=\"page-numbers\" href=\"https:\/\/dzogchen.rs\/en\/wp-json\/wp\/v2\/pages\/626\/page\/2\/\">2<\/a>\n<a class=\"page-numbers\" href=\"https:\/\/dzogchen.rs\/en\/wp-json\/wp\/v2\/pages\/626\/page\/3\/\">3<\/a>\n<span class=\"page-numbers dots\">&hellip;<\/span>\n<a class=\"page-numbers\" href=\"https:\/\/dzogchen.rs\/en\/wp-json\/wp\/v2\/pages\/626\/page\/6\/\">6<\/a>\n<a class=\"next page-numbers\" href=\"https:\/\/dzogchen.rs\/en\/wp-json\/wp\/v2\/pages\/626\/page\/2\/\">Next \u00bb<\/a>  <\/div>\n  <style type=\"text\/css\">\n    #post-grid-72 .pagination .page-numbers {\n      font-size: 17px;\n      color: #646464;\n      background: #646464;\n    }\n\n    #post-grid-72 .pagination .page-numbers:hover,\n    #post-grid-72 .pagination .page-numbers.current {\n      background: #4b4b4b;\n    }\n  <\/style>\n  <\/div>\n      <style type=\"text\/css\">\n      \/*Write your CSS code here*\/    <\/style>\n      <script>\n          \/*Write your js code here*\/          <\/script>\n    <style type=\"text\/css\">\n    #post-grid-72 .element_0 {\n      font-size:14px;float:left;    }\n\n    #post-grid-72 .element_1 {\n      height: 1px;\r\n    background: #212a5b;\r\n    \/* For browsers that do not support gradients *\/\r\n    \r\n    background: -webkit-linear-gradient(left, #212a5b, white);\r\n    \/* For Safari 5.1 to 6.0 *\/\r\n    \r\n    background: -o-linear-gradient(right, #212a5b, white);\r\n    \/* For Opera 11.1 to 12.0 *\/\r\n    \r\n    background: -moz-linear-gradient(right,#212a5b, white);\r\n    \/* For Firefox 3.6 to 15 *\/\r\n    \r\n    background: linear-gradient(to right, #212a5b, white);\r\n    \/* Standard syntax (must be last) *\/\r\n    \r\n    width: 100%;\r\n    float: left;\r\n    }\n\n    #post-grid-72 .element_2 {\n      font-size:16px;\r\ndisplay:block;\r\nfloat:left;\r\ncolor:black;\r\nmargin-top:-20px;\r\ntext-align: justify;    }\n\n    #post-grid-72 .element_0:hover{}#post-grid-72 .element_1:hover{}#post-grid-72 .element_2:hover{}  <\/style>\n  <style type=\"text\/css\">\n    #post-grid-72 {\n      padding: 10px;\n      background-color: #fff;\n          }\n\n    #post-grid-72 .item {\n      background: #fff;\n          }\n\n    #post-grid-72 .item .layer-media {\n      height:auto;    }\n\n    @media only screen and (min-width: 0px) and (max-width: 767px) {\n      #post-grid-72 .grid-items {\n        text-align: center;\n              }\n\n      #post-grid-72 .item {\n        width: 90%;\n        margin: 10px;\n        display: inline-block;\n        vertical-align: top;\n        height:auto;      }\n    }\n\n    @media only screen and (min-width: 768px) and (max-width: 1023px) {\n      #post-grid-72 .grid-items {\n        text-align: center;\n              }\n\n      #post-grid-72 .item {\n        width: 100%;\n        margin: 10px;\n        display: inline-block;\n        vertical-align: top;\n        max-height:auto;      }\n    }\n\n    @media only screen and (min-width: 1024px) {\n      #post-grid-72 .grid-items {\n        text-align: center;\n              }\n\n      #post-grid-72 .item {\n        width: 100%;\n        display: inline-block;\n        margin: 10px;\n        vertical-align: top;\n        height:auto;      }\n    }\n\n      <\/style>\n  <\/div>\n[\/vc_column_text][\/vc_column_inner][\/vc_row_inner][vc_raw_html]JTNDZGl2JTIwY2xhc3MlM0QlMjJsYW5nLXNyLWVuJTIyJTIwJTNFJTBBJTIwJTIwJTIwJTIwJTNDYSUyMGhyZWYlM0QlMjJodHRwJTNBJTJGJTJGZHpvZ2NoZW4ucnMlMkZlbiUyRnRoYXlhc2xpbmclMkYlMjIlM0UlM0NidXR0b24lMjB0eXBlJTNEJTIyYnV0dG9uJTIyJTIwY2xhc3MlM0QlMjJidG4lMjBidG4tZGVmYXVsdCUyMiUyMG5hbWUlM0QlMjJsYW5ndWFnZSUyMiUyMGlkJTNEJTIybGFuZ3VhZ2UlMjIlMjAlM0UlM0NpbWclMjBzcmMlM0QlMjJodHRwJTNBJTJGJTJGZHpvZ2NoZW4ucnMlMkZ3cC1jb250ZW50JTJGdGhlbWVzJTJGdGhheWFzbGluZyUyRmltYWdlcyUyRmZsYWctdXNhLXNtLnBuZyUyMiUyMCUzRSUyMFBhZ2UlMjBpbiUyMEVuZ2xpc2glM0MlMkZidXR0b24lM0UlM0MlMkZhJTNFJTBBJTA5JTBBJTNDJTJGZGl2JTNF[\/vc_raw_html][\/vc_column][\/vc_row]<\/p>\n<\/section>","protected":false},"excerpt":{"rendered":"<p>[vc_row css=&#8221;.vc_custom_1510049983688{margin-right: 5% !important;margin-left: 5% !important;background-color: #ffffff !important;}&#8221;][vc_column][vc_row_inner equal_height=&#8221;yes&#8221; css=&#8221;.vc_custom_1510067241450{margin-right: 15px !important;margin-left: 15px !important;}&#8221;][vc_column_inner width=&#8221;1\/2&#8243;][vc_single_image image=&#8221;627&#8243; img_size=&#8221;full&#8221; alignment=&#8221;center&#8221; style=&#8221;vc_box_shadow_border&#8221; css_animation=&#8221;appear&#8221; css=&#8221;.vc_custom_1519809375533{margin-right: 15px !important;margin-left: 15px !important;}&#8221;][\/vc_column_inner][vc_column_inner width=&#8221;1\/2&#8243;][vc_column_text el_class=&#8221;textovi &#8220;] Dzog\u0107en komuna Srbija [\/vc_column_text][vc_single_image image=&#8221;31&#8243; img_size=&#8221;full&#8221; alignment=&#8221;center&#8221;][\/vc_column_inner][\/vc_row_inner][vc_raw_html]JTNDZGl2JTIwY2xhc3MlM0QlMjJsaW5pamElMjIlM0UlM0MlMkZkaXYlM0U=[\/vc_raw_html][vc_row_inner css=&#8221;.vc_custom_1510067262487{margin-right: 15px !important;margin-left: 15px !important;}&#8221;][vc_column_inner width=&#8221;2\/3&#8243;][vc_column_text el_class=&#8221;textovi&#8221;] Tajeling Srbija, Beograd &nbsp; Prof. \u0106ogjal Namkhai Norbu je nazvao na\u0161 Dzog\u0107en centar [&hellip;]<\/p>\n","protected":false},"author":1,"featured_media":624,"parent":0,"menu_order":0,"comment_status":"closed","ping_status":"closed","template":"","meta":{"ngg_post_thumbnail":0,"__cvm_playback_settings":[],"__cvm_video_id":""},"_links":{"self":[{"href":"https:\/\/dzogchen.rs\/en\/wp-json\/wp\/v2\/pages\/626"}],"collection":[{"href":"https:\/\/dzogchen.rs\/en\/wp-json\/wp\/v2\/pages"}],"about":[{"href":"https:\/\/dzogchen.rs\/en\/wp-json\/wp\/v2\/types\/page"}],"author":[{"embeddable":true,"href":"https:\/\/dzogchen.rs\/en\/wp-json\/wp\/v2\/users\/1"}],"replies":[{"embeddable":true,"href":"https:\/\/dzogchen.rs\/en\/wp-json\/wp\/v2\/comments?post=626"}],"version-history":[{"count":13,"href":"https:\/\/dzogchen.rs\/en\/wp-json\/wp\/v2\/pages\/626\/revisions"}],"predecessor-version":[{"id":1192,"href":"https:\/\/dzogchen.rs\/en\/wp-json\/wp\/v2\/pages\/626\/revisions\/1192"}],"wp:featuredmedia":[{"embeddable":true,"href":"https:\/\/dzogchen.rs\/en\/wp-json\/wp\/v2\/media\/624"}],"wp:attachment":[{"href":"https:\/\/dzogchen.rs\/en\/wp-json\/wp\/v2\/media?parent=626"}],"curies":[{"name":"wp","href":"https:\/\/api.w.org\/{rel}","templated":true}]}}